{"id":2712,"date":"2022-04-18T17:33:29","date_gmt":"2022-04-18T17:33:29","guid":{"rendered":"https:\/\/mpalmelense.com\/politica-privacidade\/"},"modified":"2022-05-14T13:47:28","modified_gmt":"2022-05-14T13:47:28","slug":"privacy-policy","status":"publish","type":"page","link":"https:\/\/mpalmelense.com\/en\/privacy-policy\/","title":{"rendered":"Privacy Policy"},"content":{"rendered":"\t\t<div data-elementor-type=\"wp-page\" data-elementor-id=\"2712\" class=\"elementor elementor-2712 elementor-3\" data-elementor-post-type=\"page\">\n\t\t\t\t\t\t<section class=\"elementor-section elementor-top-section elementor-element elementor-element-a094cb5 elementor-section-full_width elementor-section-height-default elementor-section-height-default\" data-id=\"a094cb5\" data-element_type=\"section\" data-settings=\"{&quot;background_background&quot;:&quot;classic&quot;}\">\n\t\t\t\t\t\t\t<div class=\"elementor-background-overlay\"><\/div>\n\t\t\t\t\t\t\t<div class=\"elementor-container elementor-column-gap-default\">\n\t\t\t\t\t<div class=\"elementor-column elementor-col-100 elementor-top-column elementor-element elementor-element-451e0b9\" data-id=\"451e0b9\" data-element_type=\"column\">\n\t\t\t<div class=\"elementor-widget-wrap elementor-element-populated\">\n\t\t\t\t\t\t<section class=\"elementor-section elementor-inner-section elementor-element elementor-element-b7a38ce elementor-section-full_width elementor-section-height-default elementor-section-height-default\" data-id=\"b7a38ce\" data-element_type=\"section\">\n\t\t\t\t\t\t<div class=\"elementor-container elementor-column-gap-default\">\n\t\t\t\t\t<div class=\"elementor-column elementor-col-50 elementor-inner-column elementor-element elementor-element-a9825f2 elementor-hidden-mobile\" data-id=\"a9825f2\" data-element_type=\"column\">\n\t\t\t<div class=\"elementor-widget-wrap elementor-element-populated\">\n\t\t\t\t\t\t<div class=\"elementor-element elementor-element-646ab51 elementor-widget-divider--view-line elementor-widget elementor-widget-divider\" data-id=\"646ab51\" data-element_type=\"widget\" data-widget_type=\"divider.default\">\n\t\t\t\t<div class=\"elementor-widget-container\">\n\t\t\t\t\t<div class=\"elementor-divider\">\n\t\t\t<span class=\"elementor-divider-separator\">\n\t\t\t\t\t\t<\/span>\n\t\t<\/div>\n\t\t\t\t<\/div>\n\t\t\t\t<\/div>\n\t\t\t\t\t<\/div>\n\t\t<\/div>\n\t\t\t\t<div class=\"elementor-column elementor-col-50 elementor-inner-column elementor-element elementor-element-14cf124\" data-id=\"14cf124\" data-element_type=\"column\">\n\t\t\t<div class=\"elementor-widget-wrap elementor-element-populated\">\n\t\t\t\t\t\t<div class=\"elementor-element elementor-element-408a438 elementor-widget elementor-widget-heading\" data-id=\"408a438\" data-element_type=\"widget\" data-widget_type=\"heading.default\">\n\t\t\t\t<div class=\"elementor-widget-container\">\n\t\t\t<h2 class=\"elementor-heading-title elementor-size-default\">Privacy Policy<\/h2>\t\t<\/div>\n\t\t\t\t<\/div>\n\t\t\t\t\t<\/div>\n\t\t<\/div>\n\t\t\t\t\t<\/div>\n\t\t<\/section>\n\t\t\t\t\t<\/div>\n\t\t<\/div>\n\t\t\t\t\t<\/div>\n\t\t<\/section>\n\t\t\t\t<section class=\"elementor-section elementor-top-section elementor-element elementor-element-d375de6 elementor-section-boxed elementor-section-height-default elementor-section-height-default\" data-id=\"d375de6\" data-element_type=\"section\">\n\t\t\t\t\t\t<div class=\"elementor-container elementor-column-gap-default\">\n\t\t\t\t\t<div class=\"elementor-column elementor-col-100 elementor-top-column elementor-element elementor-element-1b26a581\" data-id=\"1b26a581\" data-element_type=\"column\">\n\t\t\t<div class=\"elementor-widget-wrap elementor-element-populated\">\n\t\t\t\t\t\t<div class=\"elementor-element elementor-element-20c4d057 elementor-widget elementor-widget-text-editor\" data-id=\"20c4d057\" data-element_type=\"widget\" data-widget_type=\"text-editor.default\">\n\t\t\t\t<div class=\"elementor-widget-container\">\n\t\t\t\t\t\t\t<h3>Acceptance of Terms<\/h3>\n<p>The following are terms of a contract between the User and METALLURGICA PALMELENSE. By accessing and using this site the User acknowledges having read and understood these terms and comply with all applicable laws and regulations.<br \/>\nIf the user does not agree to these terms, please do not use this Website. The material on this website is protected by law.<\/p>\n<p>&nbsp;<\/p>\n<h3>Obligations and Conduct<\/h3>\n<p>Taking into account the use of this Website you agree to: provide accurate, current and complete information when registering on this website, maintaining the security of your password and identification; keep your information updated; accept all risks of unauthorized access to information and Registration Data. The user has the sole responsibility of the protection, backup and equipment used in connection with this Website.<br \/>\nUsers of this site is only authorized to use the content present here for strictly personal purposes. It is forbidden to publish, reproduce, or distribute this content to others unless there is for the same prior authorization from METALLURGICA PALMELENSE .<br \/>\nThe METALLURGICA PALMELENSE , reserves the right to prosecute the perpetrators of any unauthorized use of content on this Website.<br \/>\nBy using this site, you expressly accept the terms of use described above.<\/p>\n<p>&nbsp;<\/p>\n<h3>Privacy policy and security<\/h3>\n<p>All data collected by their METALLURGICA PALMELENSE have the sole purpose of billing. Our company takes a commitment to the privacy of any and all customer&#8217;s personal information, as well as its safety. All information you provide will allow only that our service is best suited to your needs.<br \/>\nThe information entered on payment are duly protected and encrypted using the most advanced and effective security tools.<\/p>\n<p>&nbsp;<\/p>\n<h3>Intellectual property rights<\/h3>\n<p>All contents of this site are the exclusive property of METALLURGICA PALMELENSE : text, images, or any other type of information that is not from a third party. Thus are protected by the Code of Copyright. The METALLURGICA PALMELENSE reserves the right at any time, change these contents, with no obligation to make any prior notice to users.<\/p>\n<p>&nbsp;<\/p>\n<h3>Links to Third Party Sites<\/h3>\n<p>This Website may contain links to third party websites (&#8220;linked sites&#8221;). The linked sites are not under the control METALLURGICA PALMELENSE is not responsible for the contents of any Linked Site.<\/p>\n\t\t\t\t\t\t<\/div>\n\t\t\t\t<\/div>\n\t\t\t\t\t<\/div>\n\t\t<\/div>\n\t\t\t\t\t<\/div>\n\t\t<\/section>\n\t\t\t\t<\/div>\n\t\t","protected":false},"excerpt":{"rendered":"","protected":false},"author":5,"featured_media":0,"parent":0,"menu_order":0,"comment_status":"closed","ping_status":"open","template":"","meta":{"_acf_changed":false,"footnotes":""},"class_list":["post-2712","page","type-page","status-publish","hentry"],"acf":[],"yoast_head":"<!-- This site is optimized with the Yoast SEO plugin v27.5 - https:\/\/yoast.com\/product\/yoast-seo-wordpress\/ -->\n<title>Privacy Policy - Metal\u00fargica Palmelense<\/title>\n<meta name=\"robots\" content=\"index, follow, max-snippet:-1, max-image-preview:large, max-video-preview:-1\" \/>\n<link rel=\"canonical\" href=\"https:\/\/mpalmelense.com\/en\/privacy-policy\/\" \/>\n<meta property=\"og:locale\" content=\"en_US\" \/>\n<meta property=\"og:type\" content=\"article\" \/>\n<meta property=\"og:title\" content=\"Privacy Policy - Metal\u00fargica Palmelense\" \/>\n<meta property=\"og:url\" content=\"https:\/\/mpalmelense.com\/en\/privacy-policy\/\" \/>\n<meta property=\"og:site_name\" content=\"Metal\u00fargica Palmelense\" \/>\n<meta property=\"article:modified_time\" content=\"2022-05-14T13:47:28+00:00\" \/>\n<meta name=\"twitter:card\" content=\"summary_large_image\" \/>\n<script type=\"application\/ld+json\" class=\"yoast-schema-graph\">{\"@context\":\"https:\\\/\\\/schema.org\",\"@graph\":[{\"@type\":\"WebPage\",\"@id\":\"https:\\\/\\\/mpalmelense.com\\\/en\\\/privacy-policy\\\/\",\"url\":\"https:\\\/\\\/mpalmelense.com\\\/en\\\/privacy-policy\\\/\",\"name\":\"Privacy Policy - Metal\u00fargica Palmelense\",\"isPartOf\":{\"@id\":\"https:\\\/\\\/mpalmelense.com\\\/#website\"},\"datePublished\":\"2022-04-18T17:33:29+00:00\",\"dateModified\":\"2022-05-14T13:47:28+00:00\",\"breadcrumb\":{\"@id\":\"https:\\\/\\\/mpalmelense.com\\\/en\\\/privacy-policy\\\/#breadcrumb\"},\"inLanguage\":\"en-US\",\"potentialAction\":[{\"@type\":\"ReadAction\",\"target\":[\"https:\\\/\\\/mpalmelense.com\\\/en\\\/privacy-policy\\\/\"]}]},{\"@type\":\"BreadcrumbList\",\"@id\":\"https:\\\/\\\/mpalmelense.com\\\/en\\\/privacy-policy\\\/#breadcrumb\",\"itemListElement\":[{\"@type\":\"ListItem\",\"position\":1,\"name\":\"In\u00edcio\",\"item\":\"https:\\\/\\\/mpalmelense.com\\\/en\\\/\"},{\"@type\":\"ListItem\",\"position\":2,\"name\":\"Privacy Policy\"}]},{\"@type\":\"WebSite\",\"@id\":\"https:\\\/\\\/mpalmelense.com\\\/#website\",\"url\":\"https:\\\/\\\/mpalmelense.com\\\/\",\"name\":\"Metal\u00fargica Palmelense\",\"description\":\"Constru\u00e7\u00f5es Met\u00e1licas\",\"publisher\":{\"@id\":\"https:\\\/\\\/mpalmelense.com\\\/#organization\"},\"potentialAction\":[{\"@type\":\"SearchAction\",\"target\":{\"@type\":\"EntryPoint\",\"urlTemplate\":\"https:\\\/\\\/mpalmelense.com\\\/?s={search_term_string}\"},\"query-input\":{\"@type\":\"PropertyValueSpecification\",\"valueRequired\":true,\"valueName\":\"search_term_string\"}}],\"inLanguage\":\"en-US\"},{\"@type\":\"Organization\",\"@id\":\"https:\\\/\\\/mpalmelense.com\\\/#organization\",\"name\":\"Metal\u00fargica Palmelense\",\"url\":\"https:\\\/\\\/mpalmelense.com\\\/\",\"logo\":{\"@type\":\"ImageObject\",\"inLanguage\":\"en-US\",\"@id\":\"https:\\\/\\\/mpalmelense.com\\\/#\\\/schema\\\/logo\\\/image\\\/\",\"url\":\"https:\\\/\\\/mpalmelense.com\\\/wp-content\\\/uploads\\\/2022\\\/05\\\/MP-Logotipo-cores.jpg\",\"contentUrl\":\"https:\\\/\\\/mpalmelense.com\\\/wp-content\\\/uploads\\\/2022\\\/05\\\/MP-Logotipo-cores.jpg\",\"width\":1200,\"height\":453,\"caption\":\"Metal\u00fargica Palmelense\"},\"image\":{\"@id\":\"https:\\\/\\\/mpalmelense.com\\\/#\\\/schema\\\/logo\\\/image\\\/\"}}]}<\/script>\n<!-- \/ Yoast SEO plugin. -->","yoast_head_json":{"title":"Privacy Policy - Metal\u00fargica Palmelense","robots":{"index":"index","follow":"follow","max-snippet":"max-snippet:-1","max-image-preview":"max-image-preview:large","max-video-preview":"max-video-preview:-1"},"canonical":"https:\/\/mpalmelense.com\/en\/privacy-policy\/","og_locale":"en_US","og_type":"article","og_title":"Privacy Policy - Metal\u00fargica Palmelense","og_url":"https:\/\/mpalmelense.com\/en\/privacy-policy\/","og_site_name":"Metal\u00fargica Palmelense","article_modified_time":"2022-05-14T13:47:28+00:00","twitter_card":"summary_large_image","schema":{"@context":"https:\/\/schema.org","@graph":[{"@type":"WebPage","@id":"https:\/\/mpalmelense.com\/en\/privacy-policy\/","url":"https:\/\/mpalmelense.com\/en\/privacy-policy\/","name":"Privacy Policy - Metal\u00fargica Palmelense","isPartOf":{"@id":"https:\/\/mpalmelense.com\/#website"},"datePublished":"2022-04-18T17:33:29+00:00","dateModified":"2022-05-14T13:47:28+00:00","breadcrumb":{"@id":"https:\/\/mpalmelense.com\/en\/privacy-policy\/#breadcrumb"},"inLanguage":"en-US","potentialAction":[{"@type":"ReadAction","target":["https:\/\/mpalmelense.com\/en\/privacy-policy\/"]}]},{"@type":"BreadcrumbList","@id":"https:\/\/mpalmelense.com\/en\/privacy-policy\/#breadcrumb","itemListElement":[{"@type":"ListItem","position":1,"name":"In\u00edcio","item":"https:\/\/mpalmelense.com\/en\/"},{"@type":"ListItem","position":2,"name":"Privacy Policy"}]},{"@type":"WebSite","@id":"https:\/\/mpalmelense.com\/#website","url":"https:\/\/mpalmelense.com\/","name":"Metal\u00fargica Palmelense","description":"Constru\u00e7\u00f5es Met\u00e1licas","publisher":{"@id":"https:\/\/mpalmelense.com\/#organization"},"potentialAction":[{"@type":"SearchAction","target":{"@type":"EntryPoint","urlTemplate":"https:\/\/mpalmelense.com\/?s={search_term_string}"},"query-input":{"@type":"PropertyValueSpecification","valueRequired":true,"valueName":"search_term_string"}}],"inLanguage":"en-US"},{"@type":"Organization","@id":"https:\/\/mpalmelense.com\/#organization","name":"Metal\u00fargica Palmelense","url":"https:\/\/mpalmelense.com\/","logo":{"@type":"ImageObject","inLanguage":"en-US","@id":"https:\/\/mpalmelense.com\/#\/schema\/logo\/image\/","url":"https:\/\/mpalmelense.com\/wp-content\/uploads\/2022\/05\/MP-Logotipo-cores.jpg","contentUrl":"https:\/\/mpalmelense.com\/wp-content\/uploads\/2022\/05\/MP-Logotipo-cores.jpg","width":1200,"height":453,"caption":"Metal\u00fargica Palmelense"},"image":{"@id":"https:\/\/mpalmelense.com\/#\/schema\/logo\/image\/"}}]}},"_links":{"self":[{"href":"https:\/\/mpalmelense.com\/en\/wp-json\/wp\/v2\/pages\/2712","targetHints":{"allow":["GET"]}}],"collection":[{"href":"https:\/\/mpalmelense.com\/en\/wp-json\/wp\/v2\/pages"}],"about":[{"href":"https:\/\/mpalmelense.com\/en\/wp-json\/wp\/v2\/types\/page"}],"author":[{"embeddable":true,"href":"https:\/\/mpalmelense.com\/en\/wp-json\/wp\/v2\/users\/5"}],"replies":[{"embeddable":true,"href":"https:\/\/mpalmelense.com\/en\/wp-json\/wp\/v2\/comments?post=2712"}],"version-history":[{"count":13,"href":"https:\/\/mpalmelense.com\/en\/wp-json\/wp\/v2\/pages\/2712\/revisions"}],"predecessor-version":[{"id":2899,"href":"https:\/\/mpalmelense.com\/en\/wp-json\/wp\/v2\/pages\/2712\/revisions\/2899"}],"wp:attachment":[{"href":"https:\/\/mpalmelense.com\/en\/wp-json\/wp\/v2\/media?parent=2712"}],"curies":[{"name":"wp","href":"https:\/\/api.w.org\/{rel}","templated":true}]}}