{"id":2577,"date":"2022-04-18T17:51:32","date_gmt":"2022-04-18T17:51:32","guid":{"rendered":"https:\/\/mpalmelense.com\/contactos\/"},"modified":"2022-10-28T14:09:10","modified_gmt":"2022-10-28T14:09:10","slug":"contacts","status":"publish","type":"page","link":"https:\/\/mpalmelense.com\/en\/contacts\/","title":{"rendered":"Contacts"},"content":{"rendered":"\t\t<div data-elementor-type=\"wp-page\" data-elementor-id=\"2577\" class=\"elementor elementor-2577 elementor-44\" data-elementor-post-type=\"page\">\n\t\t\t\t\t\t<section class=\"elementor-section elementor-top-section elementor-element elementor-element-d32fd25 elementor-section-full_width elementor-section-height-default elementor-section-height-default\" data-id=\"d32fd25\" data-element_type=\"section\" data-settings=\"{&quot;background_background&quot;:&quot;classic&quot;}\">\n\t\t\t\t\t\t\t<div class=\"elementor-background-overlay\"><\/div>\n\t\t\t\t\t\t\t<div class=\"elementor-container elementor-column-gap-default\">\n\t\t\t\t\t<div class=\"elementor-column elementor-col-100 elementor-top-column elementor-element elementor-element-09ee13e\" data-id=\"09ee13e\" data-element_type=\"column\">\n\t\t\t<div class=\"elementor-widget-wrap elementor-element-populated\">\n\t\t\t\t\t\t<section class=\"elementor-section elementor-inner-section elementor-element elementor-element-9b7a25f elementor-section-full_width elementor-section-height-default elementor-section-height-default\" data-id=\"9b7a25f\" data-element_type=\"section\">\n\t\t\t\t\t\t<div class=\"elementor-container elementor-column-gap-default\">\n\t\t\t\t\t<div class=\"elementor-column elementor-col-50 elementor-inner-column elementor-element elementor-element-fda1f4f elementor-hidden-mobile\" data-id=\"fda1f4f\" data-element_type=\"column\">\n\t\t\t<div class=\"elementor-widget-wrap elementor-element-populated\">\n\t\t\t\t\t\t<div class=\"elementor-element elementor-element-6dfe65a elementor-widget-divider--view-line elementor-widget elementor-widget-divider\" data-id=\"6dfe65a\" data-element_type=\"widget\" data-widget_type=\"divider.default\">\n\t\t\t\t<div class=\"elementor-widget-container\">\n\t\t\t\t\t<div class=\"elementor-divider\">\n\t\t\t<span class=\"elementor-divider-separator\">\n\t\t\t\t\t\t<\/span>\n\t\t<\/div>\n\t\t\t\t<\/div>\n\t\t\t\t<\/div>\n\t\t\t\t\t<\/div>\n\t\t<\/div>\n\t\t\t\t<div class=\"elementor-column elementor-col-50 elementor-inner-column elementor-element elementor-element-83b81fb\" data-id=\"83b81fb\" data-element_type=\"column\">\n\t\t\t<div class=\"elementor-widget-wrap elementor-element-populated\">\n\t\t\t\t\t\t<div class=\"elementor-element elementor-element-a901486 elementor-widget elementor-widget-heading\" data-id=\"a901486\" data-element_type=\"widget\" data-widget_type=\"heading.default\">\n\t\t\t\t<div class=\"elementor-widget-container\">\n\t\t\t<h2 class=\"elementor-heading-title elementor-size-default\">Contacts<\/h2>\t\t<\/div>\n\t\t\t\t<\/div>\n\t\t\t\t\t<\/div>\n\t\t<\/div>\n\t\t\t\t\t<\/div>\n\t\t<\/section>\n\t\t\t\t\t<\/div>\n\t\t<\/div>\n\t\t\t\t\t<\/div>\n\t\t<\/section>\n\t\t\t\t<section class=\"elementor-section elementor-top-section elementor-element elementor-element-114c7a5 elementor-section-full_width elementor-section-height-default elementor-section-height-default\" data-id=\"114c7a5\" data-element_type=\"section\">\n\t\t\t\t\t\t<div class=\"elementor-container elementor-column-gap-default\">\n\t\t\t\t\t<div class=\"elementor-column elementor-col-33 elementor-top-column elementor-element elementor-element-3377b51\" data-id=\"3377b51\" data-element_type=\"column\">\n\t\t\t<div class=\"elementor-widget-wrap elementor-element-populated\">\n\t\t\t\t\t\t<div class=\"elementor-element elementor-element-d592af6 elementor-widget elementor-widget-heading\" data-id=\"d592af6\" data-element_type=\"widget\" data-widget_type=\"heading.default\">\n\t\t\t\t<div class=\"elementor-widget-container\">\n\t\t\t<h2 class=\"elementor-heading-title elementor-size-default\">Headquarters \/ Factory<\/h2>\t\t<\/div>\n\t\t\t\t<\/div>\n\t\t\t\t<div class=\"elementor-element elementor-element-d5d6bdb elementor-widget elementor-widget-text-editor\" data-id=\"d5d6bdb\" data-element_type=\"widget\" data-widget_type=\"text-editor.default\">\n\t\t\t\t<div class=\"elementor-widget-container\">\n\t\t\t\t\t\t\t<p>Parque Industrial Mata Lobos, Lote 5<br \/>\nLago\u00ednha<br \/>\n2950-763 Palmela<br \/>\n<a href=\"https:\/\/www.google.com\/maps\/dir\/\/Metalurgica+Palmelense+-+Metalomec%C3%A2nica,+Manuten%C3%A7%C3%A3o+E+Servi%C3%A7os,+Lda+Parque+Industrial+Mata+Lobos+Lt.+5+Aptd.134+2950-763+Q.ta+do+Anjo\/@38.5889473,-8.9325248,14z\/data=!4m8!4m7!1m0!1m5!1m1!1s0xd1946a1981dc285:0x5e95f0f503b7714a!2m2!1d-8.9325248!2d38.5889473\" target=\"_blank\" rel=\"noopener\">Get directions<\/a><\/p>\n\t\t\t\t\t\t<\/div>\n\t\t\t\t<\/div>\n\t\t\t\t<div class=\"elementor-element elementor-element-e3162c0 elementor-widget elementor-widget-heading\" data-id=\"e3162c0\" data-element_type=\"widget\" data-widget_type=\"heading.default\">\n\t\t\t\t<div class=\"elementor-widget-container\">\n\t\t\t<h2 class=\"elementor-heading-title elementor-size-default\">General<\/h2>\t\t<\/div>\n\t\t\t\t<\/div>\n\t\t\t\t<div class=\"elementor-element elementor-element-2e119bb elementor-widget elementor-widget-text-editor\" data-id=\"2e119bb\" data-element_type=\"widget\" data-widget_type=\"text-editor.default\">\n\t\t\t\t<div class=\"elementor-widget-container\">\n\t\t\t\t\t\t\t<p>Tel: <a href=\"tel:00351212337400\">(+351) 212 337 400<\/a><br \/>\nFax: (+351) 212 337 409<br \/>\n<a href=\"mailto:geral@mpalmelense.com\">geral@mpalmelense.com<\/a><\/p>\n\t\t\t\t\t\t<\/div>\n\t\t\t\t<\/div>\n\t\t\t\t\t<\/div>\n\t\t<\/div>\n\t\t\t\t<div class=\"elementor-column elementor-col-33 elementor-top-column elementor-element elementor-element-f567351\" data-id=\"f567351\" data-element_type=\"column\">\n\t\t\t<div class=\"elementor-widget-wrap elementor-element-populated\">\n\t\t\t\t\t\t<div class=\"elementor-element elementor-element-4eb2552 elementor-widget elementor-widget-heading\" data-id=\"4eb2552\" data-element_type=\"widget\" data-widget_type=\"heading.default\">\n\t\t\t\t<div class=\"elementor-widget-container\">\n\t\t\t<h2 class=\"elementor-heading-title elementor-size-default\">Send us a message<\/h2>\t\t<\/div>\n\t\t\t\t<\/div>\n\t\t\t\t<div class=\"elementor-element elementor-element-54701d8 elementor-button-align-start elementor-widget elementor-widget-form\" data-id=\"54701d8\" data-element_type=\"widget\" data-settings=\"{&quot;step_next_label&quot;:&quot;Next&quot;,&quot;step_previous_label&quot;:&quot;Anterior&quot;,&quot;button_width&quot;:&quot;100&quot;,&quot;step_type&quot;:&quot;number_text&quot;,&quot;step_icon_shape&quot;:&quot;circle&quot;}\" data-widget_type=\"form.default\">\n\t\t\t\t<div class=\"elementor-widget-container\">\n\t\t\t\t\t<form class=\"elementor-form\" method=\"post\" name=\"Contact\">\n\t\t\t<input type=\"hidden\" name=\"post_id\" value=\"2577\"\/>\n\t\t\t<input type=\"hidden\" name=\"form_id\" value=\"54701d8\"\/>\n\t\t\t<input type=\"hidden\" name=\"referer_title\" value=\"Metal\u00fargica Palmelense\" \/>\n\n\t\t\t\n\t\t\t<div class=\"elementor-form-fields-wrapper elementor-labels-\">\n\t\t\t\t\t\t\t\t<div class=\"elementor-field-type-text elementor-field-group elementor-column elementor-field-group-nome_completo elementor-col-50 elementor-field-required\">\n\t\t\t\t\t\t\t\t\t\t\t\t<label for=\"form-field-nome_completo\" class=\"elementor-field-label elementor-screen-only\">\n\t\t\t\t\t\t\t\tFull Name\t\t\t\t\t\t\t<\/label>\n\t\t\t\t\t\t\t\t\t\t\t\t\t\t<input size=\"1\" type=\"text\" name=\"form_fields[nome_completo]\" id=\"form-field-nome_completo\" class=\"elementor-field elementor-size-sm  elementor-field-textual\" placeholder=\"Full Name\" required=\"required\" aria-required=\"true\">\n\t\t\t\t\t\t\t\t\t\t\t<\/div>\n\t\t\t\t\t\t\t\t<div class=\"elementor-field-type-text elementor-field-group elementor-column elementor-field-group-empresa elementor-col-50\">\n\t\t\t\t\t\t\t\t\t\t\t\t<label for=\"form-field-empresa\" class=\"elementor-field-label elementor-screen-only\">\n\t\t\t\t\t\t\t\tCompany\t\t\t\t\t\t\t<\/label>\n\t\t\t\t\t\t\t\t\t\t\t\t\t\t<input size=\"1\" type=\"text\" name=\"form_fields[empresa]\" id=\"form-field-empresa\" class=\"elementor-field elementor-size-sm  elementor-field-textual\" placeholder=\"Company\">\n\t\t\t\t\t\t\t\t\t\t\t<\/div>\n\t\t\t\t\t\t\t\t<div class=\"elementor-field-type-email elementor-field-group elementor-column elementor-field-group-email elementor-col-50 elementor-field-required\">\n\t\t\t\t\t\t\t\t\t\t\t\t<label for=\"form-field-email\" class=\"elementor-field-label elementor-screen-only\">\n\t\t\t\t\t\t\t\tEmail\t\t\t\t\t\t\t<\/label>\n\t\t\t\t\t\t\t\t\t\t\t\t\t\t<input size=\"1\" type=\"email\" name=\"form_fields[email]\" id=\"form-field-email\" class=\"elementor-field elementor-size-sm  elementor-field-textual\" placeholder=\"Email\" required=\"required\" aria-required=\"true\">\n\t\t\t\t\t\t\t\t\t\t\t<\/div>\n\t\t\t\t\t\t\t\t<div class=\"elementor-field-type-text elementor-field-group elementor-column elementor-field-group-telefone elementor-col-50\">\n\t\t\t\t\t\t\t\t\t\t\t\t<label for=\"form-field-telefone\" class=\"elementor-field-label elementor-screen-only\">\n\t\t\t\t\t\t\t\tTelephone\t\t\t\t\t\t\t<\/label>\n\t\t\t\t\t\t\t\t\t\t\t\t\t\t<input size=\"1\" type=\"text\" name=\"form_fields[telefone]\" id=\"form-field-telefone\" class=\"elementor-field elementor-size-sm  elementor-field-textual\" placeholder=\"Telephone\">\n\t\t\t\t\t\t\t\t\t\t\t<\/div>\n\t\t\t\t\t\t\t\t<div class=\"elementor-field-type-textarea elementor-field-group elementor-column elementor-field-group-mensagem elementor-col-100\">\n\t\t\t\t\t\t\t\t\t\t\t\t<label for=\"form-field-mensagem\" class=\"elementor-field-label elementor-screen-only\">\n\t\t\t\t\t\t\t\tMessage\t\t\t\t\t\t\t<\/label>\n\t\t\t\t\t\t<textarea class=\"elementor-field-textual elementor-field  elementor-size-sm\" name=\"form_fields[mensagem]\" id=\"form-field-mensagem\" rows=\"4\" placeholder=\"Your message\"><\/textarea>\t\t\t\t<\/div>\n\t\t\t\t\t\t\t\t<div class=\"elementor-field-type-acceptance elementor-field-group elementor-column elementor-field-group-field_c3e2b91 elementor-col-100\">\n\t\t\t\t\t\t\t\t\t\t\t\t<label for=\"form-field-field_c3e2b91\" class=\"elementor-field-label elementor-screen-only\">\n\t\t\t\t\t\t\t\tPrivacy Policy\t\t\t\t\t\t\t<\/label>\n\t\t\t\t\t\t\t\t<div class=\"elementor-field-subgroup\">\n\t\t\t<span class=\"elementor-field-option\">\n\t\t\t\t<input type=\"checkbox\" name=\"form_fields[field_c3e2b91]\" id=\"form-field-field_c3e2b91\" class=\"elementor-field elementor-size-sm  elementor-acceptance-field\">\n\t\t\t\t<label for=\"form-field-field_c3e2b91\">I confirm that I have read and accepted the <a href=\"https:\/\/mpalmelense.com\/en\/privacy-policy\/\">Privacy Policy<\/a><\/label>\t\t\t<\/span>\n\t\t<\/div>\n\t\t\t\t\t\t<\/div>\n\t\t\t\t\t\t\t\t<div class=\"elementor-field-group elementor-column elementor-field-type-submit elementor-col-100 e-form__buttons\">\n\t\t\t\t\t<button class=\"elementor-button elementor-size-sm\" type=\"submit\">\n\t\t\t\t\t\t<span class=\"elementor-button-content-wrapper\">\n\t\t\t\t\t\t\t\t\t\t\t\t\t\t\t\t\t\t\t\t\t\t<span class=\"elementor-button-text\">Send message<\/span>\n\t\t\t\t\t\t\t\t\t\t\t\t\t<\/span>\n\t\t\t\t\t<\/button>\n\t\t\t\t<\/div>\n\t\t\t<\/div>\n\t\t<\/form>\n\t\t\t\t<\/div>\n\t\t\t\t<\/div>\n\t\t\t\t\t<\/div>\n\t\t<\/div>\n\t\t\t\t<div class=\"elementor-column elementor-col-33 elementor-top-column elementor-element elementor-element-a931efc elementor-hidden-mobile\" data-id=\"a931efc\" data-element_type=\"column\">\n\t\t\t<div class=\"elementor-widget-wrap elementor-element-populated\">\n\t\t\t\t\t\t<div class=\"elementor-element elementor-element-0e21006 elementor-widget elementor-widget-image\" data-id=\"0e21006\" data-element_type=\"widget\" data-widget_type=\"image.default\">\n\t\t\t\t<div class=\"elementor-widget-container\">\n\t\t\t\t\t\t\t\t\t\t\t\t\t<img fetchpriority=\"high\" decoding=\"async\" width=\"470\" height=\"561\" src=\"https:\/\/mpalmelense.com\/wp-content\/uploads\/2022\/05\/metalurgica-palmelense-contactos-icon.png\" class=\"attachment-large size-large wp-image-1518\" alt=\"\" srcset=\"https:\/\/mpalmelense.com\/wp-content\/uploads\/2022\/05\/metalurgica-palmelense-contactos-icon.png 470w, https:\/\/mpalmelense.com\/wp-content\/uploads\/2022\/05\/metalurgica-palmelense-contactos-icon-251x300.png 251w\" sizes=\"(max-width: 470px) 100vw, 470px\" \/>\t\t\t\t\t\t\t\t\t\t\t\t\t<\/div>\n\t\t\t\t<\/div>\n\t\t\t\t\t<\/div>\n\t\t<\/div>\n\t\t\t\t\t<\/div>\n\t\t<\/section>\n\t\t\t\t<section class=\"elementor-section elementor-top-section elementor-element elementor-element-375645b elementor-section-full_width elementor-section-height-default elementor-section-height-default\" data-id=\"375645b\" data-element_type=\"section\" data-settings=\"{&quot;background_background&quot;:&quot;classic&quot;}\">\n\t\t\t\t\t\t<div class=\"elementor-container elementor-column-gap-default\">\n\t\t\t\t\t<div class=\"elementor-column elementor-col-100 elementor-top-column elementor-element elementor-element-94e39f8\" data-id=\"94e39f8\" data-element_type=\"column\">\n\t\t\t<div class=\"elementor-widget-wrap elementor-element-populated\">\n\t\t\t\t\t\t<div class=\"elementor-element elementor-element-3b1d38f elementor-widget elementor-widget-heading\" data-id=\"3b1d38f\" data-element_type=\"widget\" data-widget_type=\"heading.default\">\n\t\t\t\t<div class=\"elementor-widget-container\">\n\t\t\t<h2 class=\"elementor-heading-title elementor-size-default\">Come work with us<\/h2>\t\t<\/div>\n\t\t\t\t<\/div>\n\t\t\t\t<div class=\"elementor-element elementor-element-609adcc elementor-widget elementor-widget-text-editor\" data-id=\"609adcc\" data-element_type=\"widget\" data-widget_type=\"text-editor.default\">\n\t\t\t\t<div class=\"elementor-widget-container\">\n\t\t\t\t\t\t\t<p>Looking for a new professional challenge? Contact us through the e-mail\u00a0<a href=\"mailto:rhumanos@mpalmelense.com\">rhumanos@mpalmelense.com<\/a><\/p>\n\t\t\t\t\t\t<\/div>\n\t\t\t\t<\/div>\n\t\t\t\t\t<\/div>\n\t\t<\/div>\n\t\t\t\t\t<\/div>\n\t\t<\/section>\n\t\t\t\t<section class=\"elementor-section elementor-top-section elementor-element elementor-element-694919c elementor-section-full_width elementor-section-height-default elementor-section-height-default\" data-id=\"694919c\" data-element_type=\"section\">\n\t\t\t\t\t\t<div class=\"elementor-container elementor-column-gap-default\">\n\t\t\t\t\t<div class=\"elementor-column elementor-col-50 elementor-top-column elementor-element elementor-element-346cd61\" data-id=\"346cd61\" data-element_type=\"column\" data-settings=\"{&quot;background_background&quot;:&quot;classic&quot;}\">\n\t\t\t<div class=\"elementor-widget-wrap elementor-element-populated\">\n\t\t\t\t\t\t<div class=\"elementor-element elementor-element-3099d25 elementor-widget elementor-widget-spacer\" data-id=\"3099d25\" data-element_type=\"widget\" data-widget_type=\"spacer.default\">\n\t\t\t\t<div class=\"elementor-widget-container\">\n\t\t\t\t\t<div class=\"elementor-spacer\">\n\t\t\t<div class=\"elementor-spacer-inner\"><\/div>\n\t\t<\/div>\n\t\t\t\t<\/div>\n\t\t\t\t<\/div>\n\t\t\t\t\t<\/div>\n\t\t<\/div>\n\t\t\t\t<div class=\"elementor-column elementor-col-50 elementor-top-column elementor-element elementor-element-4ac1902\" data-id=\"4ac1902\" data-element_type=\"column\">\n\t\t\t<div class=\"elementor-widget-wrap elementor-element-populated\">\n\t\t\t\t\t\t<div class=\"elementor-element elementor-element-a346f0f elementor-widget elementor-widget-google_maps\" data-id=\"a346f0f\" data-element_type=\"widget\" data-widget_type=\"google_maps.default\">\n\t\t\t\t<div class=\"elementor-widget-container\">\n\t\t\t\t\t<div class=\"elementor-custom-embed\">\n\t\t\t<iframe loading=\"lazy\"\n\t\t\t\t\tsrc=\"https:\/\/maps.google.com\/maps?q=Metalurgica%20Palmelense&#038;t=m&#038;z=14&#038;output=embed&#038;iwloc=near\"\n\t\t\t\t\ttitle=\"Metalurgica Palmelense\"\n\t\t\t\t\taria-label=\"Metalurgica Palmelense\"\n\t\t\t><\/iframe>\n\t\t<\/div>\n\t\t\t\t<\/div>\n\t\t\t\t<\/div>\n\t\t\t\t\t<\/div>\n\t\t<\/div>\n\t\t\t\t\t<\/div>\n\t\t<\/section>\n\t\t\t\t<\/div>\n\t\t","protected":false},"excerpt":{"rendered":"<p>Headquarters \/ Factory General<\/p>\n","protected":false},"author":5,"featured_media":0,"parent":0,"menu_order":0,"comment_status":"closed","ping_status":"closed","template":"","meta":{"_acf_changed":false,"footnotes":""},"class_list":["post-2577","page","type-page","status-publish","hentry"],"acf":[],"yoast_head":"<!-- This site is optimized with the Yoast SEO plugin v27.4 - https:\/\/yoast.com\/product\/yoast-seo-wordpress\/ -->\n<title>Contacts - Metal\u00fargica Palmelense<\/title>\n<meta name=\"description\" content=\"Contact us if you are looking for a company specialized in the manufacturing of metal constructions and structures. You can count on an exceptional service.\" \/>\n<meta name=\"robots\" content=\"index, follow, max-snippet:-1, max-image-preview:large, max-video-preview:-1\" \/>\n<link rel=\"canonical\" href=\"https:\/\/mpalmelense.com\/en\/contacts\/\" \/>\n<meta property=\"og:locale\" content=\"en_US\" \/>\n<meta property=\"og:type\" content=\"article\" \/>\n<meta property=\"og:title\" content=\"Contacts - Metal\u00fargica Palmelense\" \/>\n<meta property=\"og:description\" content=\"Contact us if you are looking for a company specialized in the manufacturing of metal constructions and structures. You can count on an exceptional service.\" \/>\n<meta property=\"og:url\" content=\"https:\/\/mpalmelense.com\/en\/contacts\/\" \/>\n<meta property=\"og:site_name\" content=\"Metal\u00fargica Palmelense\" \/>\n<meta property=\"article:modified_time\" content=\"2022-10-28T14:09:10+00:00\" \/>\n<meta property=\"og:image\" content=\"https:\/\/mpalmelense.com\/wp-content\/uploads\/2022\/05\/metalurgica-palmelense-contactos-icon.png\" \/>\n<meta name=\"twitter:card\" content=\"summary_large_image\" \/>\n<meta name=\"twitter:label1\" content=\"Est. reading time\" \/>\n\t<meta name=\"twitter:data1\" content=\"1 minute\" \/>\n<script type=\"application\/ld+json\" class=\"yoast-schema-graph\">{\"@context\":\"https:\\\/\\\/schema.org\",\"@graph\":[{\"@type\":\"WebPage\",\"@id\":\"https:\\\/\\\/mpalmelense.com\\\/en\\\/contacts\\\/\",\"url\":\"https:\\\/\\\/mpalmelense.com\\\/en\\\/contacts\\\/\",\"name\":\"Contacts - Metal\u00fargica Palmelense\",\"isPartOf\":{\"@id\":\"https:\\\/\\\/mpalmelense.com\\\/#website\"},\"primaryImageOfPage\":{\"@id\":\"https:\\\/\\\/mpalmelense.com\\\/en\\\/contacts\\\/#primaryimage\"},\"image\":{\"@id\":\"https:\\\/\\\/mpalmelense.com\\\/en\\\/contacts\\\/#primaryimage\"},\"thumbnailUrl\":\"https:\\\/\\\/mpalmelense.com\\\/wp-content\\\/uploads\\\/2022\\\/05\\\/metalurgica-palmelense-contactos-icon.png\",\"datePublished\":\"2022-04-18T17:51:32+00:00\",\"dateModified\":\"2022-10-28T14:09:10+00:00\",\"description\":\"Contact us if you are looking for a company specialized in the manufacturing of metal constructions and structures. You can count on an exceptional service.\",\"breadcrumb\":{\"@id\":\"https:\\\/\\\/mpalmelense.com\\\/en\\\/contacts\\\/#breadcrumb\"},\"inLanguage\":\"en-US\",\"potentialAction\":[{\"@type\":\"ReadAction\",\"target\":[\"https:\\\/\\\/mpalmelense.com\\\/en\\\/contacts\\\/\"]}]},{\"@type\":\"ImageObject\",\"inLanguage\":\"en-US\",\"@id\":\"https:\\\/\\\/mpalmelense.com\\\/en\\\/contacts\\\/#primaryimage\",\"url\":\"https:\\\/\\\/mpalmelense.com\\\/wp-content\\\/uploads\\\/2022\\\/05\\\/metalurgica-palmelense-contactos-icon.png\",\"contentUrl\":\"https:\\\/\\\/mpalmelense.com\\\/wp-content\\\/uploads\\\/2022\\\/05\\\/metalurgica-palmelense-contactos-icon.png\"},{\"@type\":\"BreadcrumbList\",\"@id\":\"https:\\\/\\\/mpalmelense.com\\\/en\\\/contacts\\\/#breadcrumb\",\"itemListElement\":[{\"@type\":\"ListItem\",\"position\":1,\"name\":\"In\u00edcio\",\"item\":\"https:\\\/\\\/mpalmelense.com\\\/en\\\/\"},{\"@type\":\"ListItem\",\"position\":2,\"name\":\"Contacts\"}]},{\"@type\":\"WebSite\",\"@id\":\"https:\\\/\\\/mpalmelense.com\\\/#website\",\"url\":\"https:\\\/\\\/mpalmelense.com\\\/\",\"name\":\"Metal\u00fargica Palmelense\",\"description\":\"Constru\u00e7\u00f5es Met\u00e1licas\",\"publisher\":{\"@id\":\"https:\\\/\\\/mpalmelense.com\\\/#organization\"},\"potentialAction\":[{\"@type\":\"SearchAction\",\"target\":{\"@type\":\"EntryPoint\",\"urlTemplate\":\"https:\\\/\\\/mpalmelense.com\\\/?s={search_term_string}\"},\"query-input\":{\"@type\":\"PropertyValueSpecification\",\"valueRequired\":true,\"valueName\":\"search_term_string\"}}],\"inLanguage\":\"en-US\"},{\"@type\":\"Organization\",\"@id\":\"https:\\\/\\\/mpalmelense.com\\\/#organization\",\"name\":\"Metal\u00fargica Palmelense\",\"url\":\"https:\\\/\\\/mpalmelense.com\\\/\",\"logo\":{\"@type\":\"ImageObject\",\"inLanguage\":\"en-US\",\"@id\":\"https:\\\/\\\/mpalmelense.com\\\/#\\\/schema\\\/logo\\\/image\\\/\",\"url\":\"https:\\\/\\\/mpalmelense.com\\\/wp-content\\\/uploads\\\/2022\\\/05\\\/MP-Logotipo-cores.jpg\",\"contentUrl\":\"https:\\\/\\\/mpalmelense.com\\\/wp-content\\\/uploads\\\/2022\\\/05\\\/MP-Logotipo-cores.jpg\",\"width\":1200,\"height\":453,\"caption\":\"Metal\u00fargica Palmelense\"},\"image\":{\"@id\":\"https:\\\/\\\/mpalmelense.com\\\/#\\\/schema\\\/logo\\\/image\\\/\"}}]}<\/script>\n<!-- \/ Yoast SEO plugin. -->","yoast_head_json":{"title":"Contacts - Metal\u00fargica Palmelense","description":"Contact us if you are looking for a company specialized in the manufacturing of metal constructions and structures. You can count on an exceptional service.","robots":{"index":"index","follow":"follow","max-snippet":"max-snippet:-1","max-image-preview":"max-image-preview:large","max-video-preview":"max-video-preview:-1"},"canonical":"https:\/\/mpalmelense.com\/en\/contacts\/","og_locale":"en_US","og_type":"article","og_title":"Contacts - Metal\u00fargica Palmelense","og_description":"Contact us if you are looking for a company specialized in the manufacturing of metal constructions and structures. You can count on an exceptional service.","og_url":"https:\/\/mpalmelense.com\/en\/contacts\/","og_site_name":"Metal\u00fargica Palmelense","article_modified_time":"2022-10-28T14:09:10+00:00","og_image":[{"url":"https:\/\/mpalmelense.com\/wp-content\/uploads\/2022\/05\/metalurgica-palmelense-contactos-icon.png","type":"","width":"","height":""}],"twitter_card":"summary_large_image","twitter_misc":{"Est. reading time":"1 minute"},"schema":{"@context":"https:\/\/schema.org","@graph":[{"@type":"WebPage","@id":"https:\/\/mpalmelense.com\/en\/contacts\/","url":"https:\/\/mpalmelense.com\/en\/contacts\/","name":"Contacts - Metal\u00fargica Palmelense","isPartOf":{"@id":"https:\/\/mpalmelense.com\/#website"},"primaryImageOfPage":{"@id":"https:\/\/mpalmelense.com\/en\/contacts\/#primaryimage"},"image":{"@id":"https:\/\/mpalmelense.com\/en\/contacts\/#primaryimage"},"thumbnailUrl":"https:\/\/mpalmelense.com\/wp-content\/uploads\/2022\/05\/metalurgica-palmelense-contactos-icon.png","datePublished":"2022-04-18T17:51:32+00:00","dateModified":"2022-10-28T14:09:10+00:00","description":"Contact us if you are looking for a company specialized in the manufacturing of metal constructions and structures. You can count on an exceptional service.","breadcrumb":{"@id":"https:\/\/mpalmelense.com\/en\/contacts\/#breadcrumb"},"inLanguage":"en-US","potentialAction":[{"@type":"ReadAction","target":["https:\/\/mpalmelense.com\/en\/contacts\/"]}]},{"@type":"ImageObject","inLanguage":"en-US","@id":"https:\/\/mpalmelense.com\/en\/contacts\/#primaryimage","url":"https:\/\/mpalmelense.com\/wp-content\/uploads\/2022\/05\/metalurgica-palmelense-contactos-icon.png","contentUrl":"https:\/\/mpalmelense.com\/wp-content\/uploads\/2022\/05\/metalurgica-palmelense-contactos-icon.png"},{"@type":"BreadcrumbList","@id":"https:\/\/mpalmelense.com\/en\/contacts\/#breadcrumb","itemListElement":[{"@type":"ListItem","position":1,"name":"In\u00edcio","item":"https:\/\/mpalmelense.com\/en\/"},{"@type":"ListItem","position":2,"name":"Contacts"}]},{"@type":"WebSite","@id":"https:\/\/mpalmelense.com\/#website","url":"https:\/\/mpalmelense.com\/","name":"Metal\u00fargica Palmelense","description":"Constru\u00e7\u00f5es Met\u00e1licas","publisher":{"@id":"https:\/\/mpalmelense.com\/#organization"},"potentialAction":[{"@type":"SearchAction","target":{"@type":"EntryPoint","urlTemplate":"https:\/\/mpalmelense.com\/?s={search_term_string}"},"query-input":{"@type":"PropertyValueSpecification","valueRequired":true,"valueName":"search_term_string"}}],"inLanguage":"en-US"},{"@type":"Organization","@id":"https:\/\/mpalmelense.com\/#organization","name":"Metal\u00fargica Palmelense","url":"https:\/\/mpalmelense.com\/","logo":{"@type":"ImageObject","inLanguage":"en-US","@id":"https:\/\/mpalmelense.com\/#\/schema\/logo\/image\/","url":"https:\/\/mpalmelense.com\/wp-content\/uploads\/2022\/05\/MP-Logotipo-cores.jpg","contentUrl":"https:\/\/mpalmelense.com\/wp-content\/uploads\/2022\/05\/MP-Logotipo-cores.jpg","width":1200,"height":453,"caption":"Metal\u00fargica Palmelense"},"image":{"@id":"https:\/\/mpalmelense.com\/#\/schema\/logo\/image\/"}}]}},"_links":{"self":[{"href":"https:\/\/mpalmelense.com\/en\/wp-json\/wp\/v2\/pages\/2577","targetHints":{"allow":["GET"]}}],"collection":[{"href":"https:\/\/mpalmelense.com\/en\/wp-json\/wp\/v2\/pages"}],"about":[{"href":"https:\/\/mpalmelense.com\/en\/wp-json\/wp\/v2\/types\/page"}],"author":[{"embeddable":true,"href":"https:\/\/mpalmelense.com\/en\/wp-json\/wp\/v2\/users\/5"}],"replies":[{"embeddable":true,"href":"https:\/\/mpalmelense.com\/en\/wp-json\/wp\/v2\/comments?post=2577"}],"version-history":[{"count":33,"href":"https:\/\/mpalmelense.com\/en\/wp-json\/wp\/v2\/pages\/2577\/revisions"}],"predecessor-version":[{"id":3739,"href":"https:\/\/mpalmelense.com\/en\/wp-json\/wp\/v2\/pages\/2577\/revisions\/3739"}],"wp:attachment":[{"href":"https:\/\/mpalmelense.com\/en\/wp-json\/wp\/v2\/media?parent=2577"}],"curies":[{"name":"wp","href":"https:\/\/api.w.org\/{rel}","templated":true}]}}